{"id":190,"date":"2023-04-20T17:45:22","date_gmt":"2023-04-20T17:45:22","guid":{"rendered":"https:\/\/ns-gold.com\/?page_id=190"},"modified":"2023-04-21T14:06:00","modified_gmt":"2023-04-21T14:06:00","slug":"como-compro","status":"publish","type":"page","link":"https:\/\/ns-gold.com\/index.php\/como-compro\/","title":{"rendered":"Como Compro?"},"content":{"rendered":"\n<h1 class=\"wp-block-heading has-text-align-center\">Muy Importante<\/h1>\n\n\n\n<p class=\"has-text-align-center\"><strong>\u00abNuestras operaciones pueden ser gestionadas por tel\u00e9fono o correo electr\u00f3nico. La p\u00e1gina web funciona como una plataforma de selecci\u00f3n y ordenamiento de pedidos. Importante destacar que no solicitamos ning\u00fan medio de pago a trav\u00e9s de nuestra p\u00e1gina. \u00a1Cont\u00e1ctanos para m\u00e1s informaci\u00f3n!\u00bb<\/strong><\/p>\n\n\n\n<p>\u00abEn NS Gold Rioplatense, ofrecemos precios en d\u00f3lares estadounidenses. Despu\u00e9s de finalizar su compra, recibir\u00e1 un correo electr\u00f3nico con la solicitud de su pedido y nos pondremos en contacto con usted por correo electr\u00f3nico o tel\u00e9fono para coordinar el pago. <\/p>\n\n\n\n<p>Aceptamos diferentes medios de pago, incluyendo efectivo en d\u00f3lares estadounidenses o pesos argentinos, Mercado Pago y los bancos Galicia y Santander (s\u00f3lo para Argentina), as\u00ed como PayPal, Payoneer y Bank JP Morgan (a nivel mundial). <\/p>\n\n\n\n<p>Enviamos a trav\u00e9s de Correo Argentino a todo el pa\u00eds y el mundo (a menos que el cliente prefiera otro servicio de correo). Adem\u00e1s, puede agrupar varias compras y\/o lotes para enviar todo junto. Tenga en cuenta que los gastos de env\u00edo y la responsabilidad en caso de p\u00e9rdida o hurto en el correo corren por cuenta del cliente. En NS Gold Rioplatense, nos aseguramos de realizar un embalaje exclusivo para cada compra para evitar dichos problemas.\u00bb<\/p>\n","protected":false},"excerpt":{"rendered":"<p>Muy Importante \u00abNuestras operaciones pueden ser gestionadas por tel\u00e9fono o correo electr\u00f3nico. La p\u00e1gina web funciona como una plataforma de selecci\u00f3n y ordenamiento de pedidos. Importante destacar que no solicitamos ning\u00fan medio de pago a trav\u00e9s de nuestra p\u00e1gina. \u00a1Cont\u00e1ctanos para m\u00e1s informaci\u00f3n!\u00bb \u00abEn NS Gold Rioplatense, ofrecemos precios en d\u00f3lares estadounidenses. Despu\u00e9s de finalizar [&hellip;]<\/p>\n","protected":false},"author":1,"featured_media":0,"parent":0,"menu_order":0,"comment_status":"closed","ping_status":"closed","template":"","meta":{"site-sidebar-layout":"default","site-content-layout":"","ast-site-content-layout":"default","site-content-style":"default","site-sidebar-style":"default","ast-global-header-display":"","ast-banner-title-visibility":"","ast-main-header-display":"","ast-hfb-above-header-display":"","ast-hfb-below-header-display":"","ast-hfb-mobile-header-display":"","site-post-title":"","ast-breadcrumbs-content":"","ast-featured-img":"","footer-sml-layout":"","ast-disable-related-posts":"","theme-transparent-header-meta":"","adv-header-id-meta":"","stick-header-meta":"","header-above-stick-meta":"","header-main-stick-meta":"","header-below-stick-meta":"","astra-migrate-meta-layouts":"default","ast-page-background-enabled":"default","ast-page-background-meta":{"desktop":{"background-color":"var(--ast-global-color-4)","background-image":"","background-repeat":"repeat","background-position":"center center","background-size":"auto","background-attachment":"scroll","background-type":"","background-media":"","overlay-type":"","overlay-color":"","overlay-opacity":"","overlay-gradient":""},"tablet":{"background-color":"","background-image":"","background-repeat":"repeat","background-position":"center center","background-size":"auto","background-attachment":"scroll","background-type":"","background-media":"","overlay-type":"","overlay-color":"","overlay-opacity":"","overlay-gradient":""},"mobile":{"background-color":"","background-image":"","background-repeat":"repeat","background-position":"center center","background-size":"auto","background-attachment":"scroll","background-type":"","background-media":"","overlay-type":"","overlay-color":"","overlay-opacity":"","overlay-gradient":""}},"ast-content-background-meta":{"desktop":{"background-color":"var(--ast-global-color-5)","background-image":"","background-repeat":"repeat","background-position":"center center","background-size":"auto","background-attachment":"scroll","background-type":"","background-media":"","overlay-type":"","overlay-color":"","overlay-opacity":"","overlay-gradient":""},"tablet":{"background-color":"var(--ast-global-color-5)","background-image":"","background-repeat":"repeat","background-position":"center center","background-size":"auto","background-attachment":"scroll","background-type":"","background-media":"","overlay-type":"","overlay-color":"","overlay-opacity":"","overlay-gradient":""},"mobile":{"background-color":"var(--ast-global-color-5)","background-image":"","background-repeat":"repeat","background-position":"center center","background-size":"auto","background-attachment":"scroll","background-type":"","background-media":"","overlay-type":"","overlay-color":"","overlay-opacity":"","overlay-gradient":""}},"footnotes":""},"class_list":["post-190","page","type-page","status-publish","hentry"],"yoast_head":"<!-- This site is optimized with the Yoast SEO plugin v27.5 - https:\/\/yoast.com\/product\/yoast-seo-wordpress\/ -->\n<title>Como Compro? -<\/title>\n<meta name=\"robots\" content=\"index, follow, max-snippet:-1, max-image-preview:large, max-video-preview:-1\" \/>\n<link rel=\"canonical\" href=\"https:\/\/ns-gold.com\/index.php\/como-compro\/\" \/>\n<meta property=\"og:locale\" content=\"es_ES\" \/>\n<meta property=\"og:type\" content=\"article\" \/>\n<meta property=\"og:title\" content=\"Como Compro? -\" \/>\n<meta property=\"og:description\" content=\"Muy Importante \u00abNuestras operaciones pueden ser gestionadas por tel\u00e9fono o correo electr\u00f3nico. La p\u00e1gina web funciona como una plataforma de selecci\u00f3n y ordenamiento de pedidos. Importante destacar que no solicitamos ning\u00fan medio de pago a trav\u00e9s de nuestra p\u00e1gina. \u00a1Cont\u00e1ctanos para m\u00e1s informaci\u00f3n!\u00bb \u00abEn NS Gold Rioplatense, ofrecemos precios en d\u00f3lares estadounidenses. Despu\u00e9s de finalizar [&hellip;]\" \/>\n<meta property=\"og:url\" content=\"https:\/\/ns-gold.com\/index.php\/como-compro\/\" \/>\n<meta property=\"article:modified_time\" content=\"2023-04-21T14:06:00+00:00\" \/>\n<meta name=\"twitter:card\" content=\"summary_large_image\" \/>\n<meta name=\"twitter:label1\" content=\"Tiempo de lectura\" \/>\n\t<meta name=\"twitter:data1\" content=\"1 minuto\" \/>\n<script type=\"application\/ld+json\" class=\"yoast-schema-graph\">{\"@context\":\"https:\\\/\\\/schema.org\",\"@graph\":[{\"@type\":\"WebPage\",\"@id\":\"https:\\\/\\\/ns-gold.com\\\/index.php\\\/como-compro\\\/\",\"url\":\"https:\\\/\\\/ns-gold.com\\\/index.php\\\/como-compro\\\/\",\"name\":\"Como Compro? -\",\"isPartOf\":{\"@id\":\"https:\\\/\\\/ns-gold.com\\\/#website\"},\"datePublished\":\"2023-04-20T17:45:22+00:00\",\"dateModified\":\"2023-04-21T14:06:00+00:00\",\"breadcrumb\":{\"@id\":\"https:\\\/\\\/ns-gold.com\\\/index.php\\\/como-compro\\\/#breadcrumb\"},\"inLanguage\":\"es\",\"potentialAction\":[{\"@type\":\"ReadAction\",\"target\":[\"https:\\\/\\\/ns-gold.com\\\/index.php\\\/como-compro\\\/\"]}]},{\"@type\":\"BreadcrumbList\",\"@id\":\"https:\\\/\\\/ns-gold.com\\\/index.php\\\/como-compro\\\/#breadcrumb\",\"itemListElement\":[{\"@type\":\"ListItem\",\"position\":1,\"name\":\"Portada\",\"item\":\"https:\\\/\\\/ns-gold.com\\\/\"},{\"@type\":\"ListItem\",\"position\":2,\"name\":\"Como Compro?\"}]},{\"@type\":\"WebSite\",\"@id\":\"https:\\\/\\\/ns-gold.com\\\/#website\",\"url\":\"https:\\\/\\\/ns-gold.com\\\/\",\"name\":\"\",\"description\":\"\",\"potentialAction\":[{\"@type\":\"SearchAction\",\"target\":{\"@type\":\"EntryPoint\",\"urlTemplate\":\"https:\\\/\\\/ns-gold.com\\\/?s={search_term_string}\"},\"query-input\":{\"@type\":\"PropertyValueSpecification\",\"valueRequired\":true,\"valueName\":\"search_term_string\"}}],\"inLanguage\":\"es\"}]}<\/script>\n<!-- \/ Yoast SEO plugin. -->","yoast_head_json":{"title":"Como Compro? -","robots":{"index":"index","follow":"follow","max-snippet":"max-snippet:-1","max-image-preview":"max-image-preview:large","max-video-preview":"max-video-preview:-1"},"canonical":"https:\/\/ns-gold.com\/index.php\/como-compro\/","og_locale":"es_ES","og_type":"article","og_title":"Como Compro? -","og_description":"Muy Importante \u00abNuestras operaciones pueden ser gestionadas por tel\u00e9fono o correo electr\u00f3nico. La p\u00e1gina web funciona como una plataforma de selecci\u00f3n y ordenamiento de pedidos. Importante destacar que no solicitamos ning\u00fan medio de pago a trav\u00e9s de nuestra p\u00e1gina. \u00a1Cont\u00e1ctanos para m\u00e1s informaci\u00f3n!\u00bb \u00abEn NS Gold Rioplatense, ofrecemos precios en d\u00f3lares estadounidenses. Despu\u00e9s de finalizar [&hellip;]","og_url":"https:\/\/ns-gold.com\/index.php\/como-compro\/","article_modified_time":"2023-04-21T14:06:00+00:00","twitter_card":"summary_large_image","twitter_misc":{"Tiempo de lectura":"1 minuto"},"schema":{"@context":"https:\/\/schema.org","@graph":[{"@type":"WebPage","@id":"https:\/\/ns-gold.com\/index.php\/como-compro\/","url":"https:\/\/ns-gold.com\/index.php\/como-compro\/","name":"Como Compro? -","isPartOf":{"@id":"https:\/\/ns-gold.com\/#website"},"datePublished":"2023-04-20T17:45:22+00:00","dateModified":"2023-04-21T14:06:00+00:00","breadcrumb":{"@id":"https:\/\/ns-gold.com\/index.php\/como-compro\/#breadcrumb"},"inLanguage":"es","potentialAction":[{"@type":"ReadAction","target":["https:\/\/ns-gold.com\/index.php\/como-compro\/"]}]},{"@type":"BreadcrumbList","@id":"https:\/\/ns-gold.com\/index.php\/como-compro\/#breadcrumb","itemListElement":[{"@type":"ListItem","position":1,"name":"Portada","item":"https:\/\/ns-gold.com\/"},{"@type":"ListItem","position":2,"name":"Como Compro?"}]},{"@type":"WebSite","@id":"https:\/\/ns-gold.com\/#website","url":"https:\/\/ns-gold.com\/","name":"","description":"","potentialAction":[{"@type":"SearchAction","target":{"@type":"EntryPoint","urlTemplate":"https:\/\/ns-gold.com\/?s={search_term_string}"},"query-input":{"@type":"PropertyValueSpecification","valueRequired":true,"valueName":"search_term_string"}}],"inLanguage":"es"}]}},"jetpack_sharing_enabled":true,"_links":{"self":[{"href":"https:\/\/ns-gold.com\/index.php\/wp-json\/wp\/v2\/pages\/190","targetHints":{"allow":["GET"]}}],"collection":[{"href":"https:\/\/ns-gold.com\/index.php\/wp-json\/wp\/v2\/pages"}],"about":[{"href":"https:\/\/ns-gold.com\/index.php\/wp-json\/wp\/v2\/types\/page"}],"author":[{"embeddable":true,"href":"https:\/\/ns-gold.com\/index.php\/wp-json\/wp\/v2\/users\/1"}],"replies":[{"embeddable":true,"href":"https:\/\/ns-gold.com\/index.php\/wp-json\/wp\/v2\/comments?post=190"}],"version-history":[{"count":4,"href":"https:\/\/ns-gold.com\/index.php\/wp-json\/wp\/v2\/pages\/190\/revisions"}],"predecessor-version":[{"id":358,"href":"https:\/\/ns-gold.com\/index.php\/wp-json\/wp\/v2\/pages\/190\/revisions\/358"}],"wp:attachment":[{"href":"https:\/\/ns-gold.com\/index.php\/wp-json\/wp\/v2\/media?parent=190"}],"curies":[{"name":"wp","href":"https:\/\/api.w.org\/{rel}","templated":true}]}}