{"id":1804,"date":"2024-06-10T00:42:01","date_gmt":"2024-06-10T00:42:01","guid":{"rendered":"https:\/\/ns-gold.com\/?post_type=product&#038;p=1804"},"modified":"2024-11-10T23:14:36","modified_gmt":"2024-11-10T23:14:36","slug":"reino-unido-50-pense-2020-km1806-brexit","status":"publish","type":"product","link":"https:\/\/ns-gold.com\/index.php\/product\/reino-unido-50-pense-2020-km1806-brexit\/","title":{"rendered":"Inglaterra 50 Pense 2020 KM#1806 BREXIT"},"content":{"rendered":"","protected":false},"excerpt":{"rendered":"<p>Inglaterra<\/p>\n<p>50 Pence<\/p>\n<p>A\u00f1o: 2020<\/p>\n<p>KM# 1806<\/p>\n<p>Salida brit\u00e1nica de la Uni\u00f3n Europea<\/p>\n<p>La moneda se emiti\u00f3 para conmemorar la salida oficial del Reino Unido de la Uni\u00f3n Europea el 31 de enero de 2020y fue anunciada para su circulaci\u00f3n con una acu\u00f1aci\u00f3n de 10 millones por el entonces ministro de Hacienda, Sajid Savid.<\/p>\n<p>UNC de Bolsa de Royal Mint. Stock 20.<\/p>\n","protected":false},"featured_media":1533,"template":"","meta":{"site-sidebar-layout":"default","site-content-layout":"default","ast-site-content-layout":"default","site-content-style":"default","site-sidebar-style":"default","ast-global-header-display":"","ast-banner-title-visibility":"","ast-main-header-display":"","ast-hfb-above-header-display":"","ast-hfb-below-header-display":"","ast-hfb-mobile-header-display":"","site-post-title":"","ast-breadcrumbs-content":"","ast-featured-img":"","footer-sml-layout":"","ast-disable-related-posts":"","theme-transparent-header-meta":"default","adv-header-id-meta":"","stick-header-meta":"","header-above-stick-meta":"","header-main-stick-meta":"","header-below-stick-meta":"","astra-migrate-meta-layouts":"default","ast-page-background-enabled":"default","ast-page-background-meta":{"desktop":{"background-color":"var(--ast-global-color-4)","background-image":"","background-repeat":"repeat","background-position":"center center","background-size":"auto","background-attachment":"scroll","background-type":"","background-media":"","overlay-type":"","overlay-color":"","overlay-opacity":"","overlay-gradient":""},"tablet":{"background-color":"","background-image":"","background-repeat":"repeat","background-position":"center center","background-size":"auto","background-attachment":"scroll","background-type":"","background-media":"","overlay-type":"","overlay-color":"","overlay-opacity":"","overlay-gradient":""},"mobile":{"background-color":"","background-image":"","background-repeat":"repeat","background-position":"center center","background-size":"auto","background-attachment":"scroll","background-type":"","background-media":"","overlay-type":"","overlay-color":"","overlay-opacity":"","overlay-gradient":""}},"ast-content-background-meta":{"desktop":{"background-color":"var(--ast-global-color-5)","background-image":"","background-repeat":"repeat","background-position":"center center","background-size":"auto","background-attachment":"scroll","background-type":"","background-media":"","overlay-type":"","overlay-color":"","overlay-opacity":"","overlay-gradient":""},"tablet":{"background-color":"var(--ast-global-color-5)","background-image":"","background-repeat":"repeat","background-position":"center center","background-size":"auto","background-attachment":"scroll","background-type":"","background-media":"","overlay-type":"","overlay-color":"","overlay-opacity":"","overlay-gradient":""},"mobile":{"background-color":"var(--ast-global-color-5)","background-image":"","background-repeat":"repeat","background-position":"center center","background-size":"auto","background-attachment":"scroll","background-type":"","background-media":"","overlay-type":"","overlay-color":"","overlay-opacity":"","overlay-gradient":""}}},"product_brand":[],"product_cat":[42,21],"product_tag":[356,61],"class_list":{"0":"post-1804","1":"product","2":"type-product","3":"status-publish","4":"has-post-thumbnail","6":"product_cat-del-mundo","7":"product_cat-monedas","8":"product_tag-moneda-conmemorativa","9":"product_tag-reino-unido","10":"desktop-align-center","11":"tablet-align-left","12":"mobile-align-left","14":"first","15":"instock","16":"shipping-taxable","17":"purchasable","18":"product-type-simple"},"yoast_head":"<!-- This site is optimized with the Yoast SEO plugin v27.5 - https:\/\/yoast.com\/product\/yoast-seo-wordpress\/ -->\n<title>Inglaterra 50 Pense 2020 KM#1806 BREXIT -<\/title>\n<meta name=\"robots\" content=\"index, follow, max-snippet:-1, max-image-preview:large, max-video-preview:-1\" \/>\n<link rel=\"canonical\" href=\"https:\/\/ns-gold.com\/index.php\/product\/reino-unido-50-pense-2020-km1806-brexit\/\" \/>\n<meta property=\"og:locale\" content=\"es_ES\" \/>\n<meta property=\"og:type\" content=\"article\" \/>\n<meta property=\"og:title\" content=\"Inglaterra 50 Pense 2020 KM#1806 BREXIT -\" \/>\n<meta property=\"og:description\" content=\"Inglaterra  50 Pence  A\u00f1o: 2020  KM# 1806  Salida brit\u00e1nica de la Uni\u00f3n Europea  La moneda se emiti\u00f3 para conmemorar la salida oficial del Reino Unido de la Uni\u00f3n Europea el 31 de enero de 2020y fue anunciada para su circulaci\u00f3n con una acu\u00f1aci\u00f3n de 10 millones por el entonces ministro de Hacienda, Sajid Savid.  UNC de Bolsa de Royal Mint. Stock 20.\" \/>\n<meta property=\"og:url\" content=\"https:\/\/ns-gold.com\/index.php\/product\/reino-unido-50-pense-2020-km1806-brexit\/\" \/>\n<meta property=\"article:modified_time\" content=\"2024-11-10T23:14:36+00:00\" \/>\n<meta property=\"og:image\" content=\"https:\/\/ns-gold.com\/wp-content\/uploads\/2024\/06\/Damian-22-03-23-006.jpg\" \/>\n\t<meta property=\"og:image:width\" content=\"1280\" \/>\n\t<meta property=\"og:image:height\" content=\"1280\" \/>\n\t<meta property=\"og:image:type\" content=\"image\/jpeg\" \/>\n<meta name=\"twitter:card\" content=\"summary_large_image\" \/>\n<meta name=\"twitter:label1\" content=\"Tiempo de lectura\" \/>\n\t<meta name=\"twitter:data1\" content=\"1 minuto\" \/>\n<script type=\"application\/ld+json\" class=\"yoast-schema-graph\">{\"@context\":\"https:\\\/\\\/schema.org\",\"@graph\":[{\"@type\":\"WebPage\",\"@id\":\"https:\\\/\\\/ns-gold.com\\\/index.php\\\/product\\\/reino-unido-50-pense-2020-km1806-brexit\\\/\",\"url\":\"https:\\\/\\\/ns-gold.com\\\/index.php\\\/product\\\/reino-unido-50-pense-2020-km1806-brexit\\\/\",\"name\":\"Inglaterra 50 Pense 2020 KM#1806 BREXIT -\",\"isPartOf\":{\"@id\":\"https:\\\/\\\/ns-gold.com\\\/#website\"},\"primaryImageOfPage\":{\"@id\":\"https:\\\/\\\/ns-gold.com\\\/index.php\\\/product\\\/reino-unido-50-pense-2020-km1806-brexit\\\/#primaryimage\"},\"image\":{\"@id\":\"https:\\\/\\\/ns-gold.com\\\/index.php\\\/product\\\/reino-unido-50-pense-2020-km1806-brexit\\\/#primaryimage\"},\"thumbnailUrl\":\"https:\\\/\\\/ns-gold.com\\\/wp-content\\\/uploads\\\/2024\\\/06\\\/Damian-22-03-23-006.jpg\",\"datePublished\":\"2024-06-10T00:42:01+00:00\",\"dateModified\":\"2024-11-10T23:14:36+00:00\",\"breadcrumb\":{\"@id\":\"https:\\\/\\\/ns-gold.com\\\/index.php\\\/product\\\/reino-unido-50-pense-2020-km1806-brexit\\\/#breadcrumb\"},\"inLanguage\":\"es\",\"potentialAction\":[{\"@type\":\"ReadAction\",\"target\":[\"https:\\\/\\\/ns-gold.com\\\/index.php\\\/product\\\/reino-unido-50-pense-2020-km1806-brexit\\\/\"]}]},{\"@type\":\"ImageObject\",\"inLanguage\":\"es\",\"@id\":\"https:\\\/\\\/ns-gold.com\\\/index.php\\\/product\\\/reino-unido-50-pense-2020-km1806-brexit\\\/#primaryimage\",\"url\":\"https:\\\/\\\/ns-gold.com\\\/wp-content\\\/uploads\\\/2024\\\/06\\\/Damian-22-03-23-006.jpg\",\"contentUrl\":\"https:\\\/\\\/ns-gold.com\\\/wp-content\\\/uploads\\\/2024\\\/06\\\/Damian-22-03-23-006.jpg\",\"width\":1280,\"height\":1280},{\"@type\":\"BreadcrumbList\",\"@id\":\"https:\\\/\\\/ns-gold.com\\\/index.php\\\/product\\\/reino-unido-50-pense-2020-km1806-brexit\\\/#breadcrumb\",\"itemListElement\":[{\"@type\":\"ListItem\",\"position\":1,\"name\":\"Portada\",\"item\":\"https:\\\/\\\/ns-gold.com\\\/\"},{\"@type\":\"ListItem\",\"position\":2,\"name\":\"Tienda\",\"item\":\"https:\\\/\\\/ns-gold.com\\\/index.php\\\/shop\\\/\"},{\"@type\":\"ListItem\",\"position\":3,\"name\":\"Inglaterra 50 Pense 2020 KM#1806 BREXIT\"}]},{\"@type\":\"WebSite\",\"@id\":\"https:\\\/\\\/ns-gold.com\\\/#website\",\"url\":\"https:\\\/\\\/ns-gold.com\\\/\",\"name\":\"\",\"description\":\"\",\"potentialAction\":[{\"@type\":\"SearchAction\",\"target\":{\"@type\":\"EntryPoint\",\"urlTemplate\":\"https:\\\/\\\/ns-gold.com\\\/?s={search_term_string}\"},\"query-input\":{\"@type\":\"PropertyValueSpecification\",\"valueRequired\":true,\"valueName\":\"search_term_string\"}}],\"inLanguage\":\"es\"}]}<\/script>\n<!-- \/ Yoast SEO plugin. -->","yoast_head_json":{"title":"Inglaterra 50 Pense 2020 KM#1806 BREXIT -","robots":{"index":"index","follow":"follow","max-snippet":"max-snippet:-1","max-image-preview":"max-image-preview:large","max-video-preview":"max-video-preview:-1"},"canonical":"https:\/\/ns-gold.com\/index.php\/product\/reino-unido-50-pense-2020-km1806-brexit\/","og_locale":"es_ES","og_type":"article","og_title":"Inglaterra 50 Pense 2020 KM#1806 BREXIT -","og_description":"Inglaterra  50 Pence  A\u00f1o: 2020  KM# 1806  Salida brit\u00e1nica de la Uni\u00f3n Europea  La moneda se emiti\u00f3 para conmemorar la salida oficial del Reino Unido de la Uni\u00f3n Europea el 31 de enero de 2020y fue anunciada para su circulaci\u00f3n con una acu\u00f1aci\u00f3n de 10 millones por el entonces ministro de Hacienda, Sajid Savid.  UNC de Bolsa de Royal Mint. Stock 20.","og_url":"https:\/\/ns-gold.com\/index.php\/product\/reino-unido-50-pense-2020-km1806-brexit\/","article_modified_time":"2024-11-10T23:14:36+00:00","og_image":[{"width":1280,"height":1280,"url":"https:\/\/ns-gold.com\/wp-content\/uploads\/2024\/06\/Damian-22-03-23-006.jpg","type":"image\/jpeg"}],"twitter_card":"summary_large_image","twitter_misc":{"Tiempo de lectura":"1 minuto"},"schema":{"@context":"https:\/\/schema.org","@graph":[{"@type":"WebPage","@id":"https:\/\/ns-gold.com\/index.php\/product\/reino-unido-50-pense-2020-km1806-brexit\/","url":"https:\/\/ns-gold.com\/index.php\/product\/reino-unido-50-pense-2020-km1806-brexit\/","name":"Inglaterra 50 Pense 2020 KM#1806 BREXIT -","isPartOf":{"@id":"https:\/\/ns-gold.com\/#website"},"primaryImageOfPage":{"@id":"https:\/\/ns-gold.com\/index.php\/product\/reino-unido-50-pense-2020-km1806-brexit\/#primaryimage"},"image":{"@id":"https:\/\/ns-gold.com\/index.php\/product\/reino-unido-50-pense-2020-km1806-brexit\/#primaryimage"},"thumbnailUrl":"https:\/\/ns-gold.com\/wp-content\/uploads\/2024\/06\/Damian-22-03-23-006.jpg","datePublished":"2024-06-10T00:42:01+00:00","dateModified":"2024-11-10T23:14:36+00:00","breadcrumb":{"@id":"https:\/\/ns-gold.com\/index.php\/product\/reino-unido-50-pense-2020-km1806-brexit\/#breadcrumb"},"inLanguage":"es","potentialAction":[{"@type":"ReadAction","target":["https:\/\/ns-gold.com\/index.php\/product\/reino-unido-50-pense-2020-km1806-brexit\/"]}]},{"@type":"ImageObject","inLanguage":"es","@id":"https:\/\/ns-gold.com\/index.php\/product\/reino-unido-50-pense-2020-km1806-brexit\/#primaryimage","url":"https:\/\/ns-gold.com\/wp-content\/uploads\/2024\/06\/Damian-22-03-23-006.jpg","contentUrl":"https:\/\/ns-gold.com\/wp-content\/uploads\/2024\/06\/Damian-22-03-23-006.jpg","width":1280,"height":1280},{"@type":"BreadcrumbList","@id":"https:\/\/ns-gold.com\/index.php\/product\/reino-unido-50-pense-2020-km1806-brexit\/#breadcrumb","itemListElement":[{"@type":"ListItem","position":1,"name":"Portada","item":"https:\/\/ns-gold.com\/"},{"@type":"ListItem","position":2,"name":"Tienda","item":"https:\/\/ns-gold.com\/index.php\/shop\/"},{"@type":"ListItem","position":3,"name":"Inglaterra 50 Pense 2020 KM#1806 BREXIT"}]},{"@type":"WebSite","@id":"https:\/\/ns-gold.com\/#website","url":"https:\/\/ns-gold.com\/","name":"","description":"","potentialAction":[{"@type":"SearchAction","target":{"@type":"EntryPoint","urlTemplate":"https:\/\/ns-gold.com\/?s={search_term_string}"},"query-input":{"@type":"PropertyValueSpecification","valueRequired":true,"valueName":"search_term_string"}}],"inLanguage":"es"}]}},"jetpack_sharing_enabled":true,"_links":{"self":[{"href":"https:\/\/ns-gold.com\/index.php\/wp-json\/wp\/v2\/product\/1804","targetHints":{"allow":["GET"]}}],"collection":[{"href":"https:\/\/ns-gold.com\/index.php\/wp-json\/wp\/v2\/product"}],"about":[{"href":"https:\/\/ns-gold.com\/index.php\/wp-json\/wp\/v2\/types\/product"}],"wp:featuredmedia":[{"embeddable":true,"href":"https:\/\/ns-gold.com\/index.php\/wp-json\/wp\/v2\/media\/1533"}],"wp:attachment":[{"href":"https:\/\/ns-gold.com\/index.php\/wp-json\/wp\/v2\/media?parent=1804"}],"wp:term":[{"taxonomy":"product_brand","embeddable":true,"href":"https:\/\/ns-gold.com\/index.php\/wp-json\/wp\/v2\/product_brand?post=1804"},{"taxonomy":"product_cat","embeddable":true,"href":"https:\/\/ns-gold.com\/index.php\/wp-json\/wp\/v2\/product_cat?post=1804"},{"taxonomy":"product_tag","embeddable":true,"href":"https:\/\/ns-gold.com\/index.php\/wp-json\/wp\/v2\/product_tag?post=1804"}],"curies":[{"name":"wp","href":"https:\/\/api.w.org\/{rel}","templated":true}]}}