{"id":3169,"date":"2024-09-08T22:15:57","date_gmt":"2024-09-08T22:15:57","guid":{"rendered":"https:\/\/ns-gold.com\/?post_type=product&#038;p=3169"},"modified":"2024-09-08T22:15:57","modified_gmt":"2024-09-08T22:15:57","slug":"ciudad-de-san-francisco-su-historia-en-las-medallas-hugo-e-bottero-y-sergio-g-paiva-pag-356","status":"publish","type":"product","link":"https:\/\/ns-gold.com\/index.php\/product\/ciudad-de-san-francisco-su-historia-en-las-medallas-hugo-e-bottero-y-sergio-g-paiva-pag-356\/","title":{"rendered":"Ciudad de San Francisco-Su historia en las Medallas. Hugo E. Bottero y Sergio G. Paiva. P\u00e1g.356"},"content":{"rendered":"","protected":false},"excerpt":{"rendered":"<p>Ciudad de San Francisco<\/p>\n<p>Su historia en las Medallas<\/p>\n<p>356 P\u00e1g. de alt\u00edsima calidad<\/p>\n<p>Hugo E Bottero y Sergio G Paiva<\/p>\n","protected":false},"featured_media":3071,"template":"","meta":{"site-sidebar-layout":"default","site-content-layout":"default","ast-site-content-layout":"","site-content-style":"default","site-sidebar-style":"default","ast-global-header-display":"","ast-banner-title-visibility":"","ast-main-header-display":"","ast-hfb-above-header-display":"","ast-hfb-below-header-display":"","ast-hfb-mobile-header-display":"","site-post-title":"","ast-breadcrumbs-content":"","ast-featured-img":"","footer-sml-layout":"","theme-transparent-header-meta":"default","adv-header-id-meta":"","stick-header-meta":"","header-above-stick-meta":"","header-main-stick-meta":"","header-below-stick-meta":"","astra-migrate-meta-layouts":"default","ast-page-background-enabled":"default","ast-page-background-meta":{"desktop":{"background-color":"var(--ast-global-color-4)","background-image":"","background-repeat":"repeat","background-position":"center center","background-size":"auto","background-attachment":"scroll","background-type":"","background-media":"","overlay-type":"","overlay-color":"","overlay-opacity":"","overlay-gradient":""},"tablet":{"background-color":"","background-image":"","background-repeat":"repeat","background-position":"center center","background-size":"auto","background-attachment":"scroll","background-type":"","background-media":"","overlay-type":"","overlay-color":"","overlay-opacity":"","overlay-gradient":""},"mobile":{"background-color":"","background-image":"","background-repeat":"repeat","background-position":"center center","background-size":"auto","background-attachment":"scroll","background-type":"","background-media":"","overlay-type":"","overlay-color":"","overlay-opacity":"","overlay-gradient":""}},"ast-content-background-meta":{"desktop":{"background-color":"var(--ast-global-color-5)","background-image":"","background-repeat":"repeat","background-position":"center center","background-size":"auto","background-attachment":"scroll","background-type":"","background-media":"","overlay-type":"","overlay-color":"","overlay-opacity":"","overlay-gradient":""},"tablet":{"background-color":"var(--ast-global-color-5)","background-image":"","background-repeat":"repeat","background-position":"center center","background-size":"auto","background-attachment":"scroll","background-type":"","background-media":"","overlay-type":"","overlay-color":"","overlay-opacity":"","overlay-gradient":""},"mobile":{"background-color":"var(--ast-global-color-5)","background-image":"","background-repeat":"repeat","background-position":"center center","background-size":"auto","background-attachment":"scroll","background-type":"","background-media":"","overlay-type":"","overlay-color":"","overlay-opacity":"","overlay-gradient":""}}},"product_brand":[],"product_cat":[39],"product_tag":[522],"class_list":{"0":"post-3169","1":"product","2":"type-product","3":"status-publish","4":"has-post-thumbnail","6":"product_cat-libros","7":"product_tag-ciudad-de-san-francisco","8":"desktop-align-center","9":"tablet-align-left","10":"mobile-align-left","12":"first","13":"instock","14":"shipping-taxable","15":"purchasable","16":"product-type-simple"},"yoast_head":"<!-- This site is optimized with the Yoast SEO plugin v27.4 - https:\/\/yoast.com\/product\/yoast-seo-wordpress\/ -->\n<title>Ciudad de San Francisco-Su historia en las Medallas. Hugo E. Bottero y Sergio G. Paiva. P\u00e1g.356 -<\/title>\n<meta name=\"robots\" content=\"index, follow, max-snippet:-1, max-image-preview:large, max-video-preview:-1\" \/>\n<link rel=\"canonical\" href=\"https:\/\/ns-gold.com\/index.php\/product\/ciudad-de-san-francisco-su-historia-en-las-medallas-hugo-e-bottero-y-sergio-g-paiva-pag-356\/\" \/>\n<meta property=\"og:locale\" content=\"es_ES\" \/>\n<meta property=\"og:type\" content=\"article\" \/>\n<meta property=\"og:title\" content=\"Ciudad de San Francisco-Su historia en las Medallas. Hugo E. Bottero y Sergio G. Paiva. P\u00e1g.356 -\" \/>\n<meta property=\"og:description\" content=\"Ciudad de San Francisco  Su historia en las Medallas  356 P\u00e1g. de alt\u00edsima calidad  Hugo E Bottero y Sergio G Paiva\" \/>\n<meta property=\"og:url\" content=\"https:\/\/ns-gold.com\/index.php\/product\/ciudad-de-san-francisco-su-historia-en-las-medallas-hugo-e-bottero-y-sergio-g-paiva-pag-356\/\" \/>\n<meta property=\"og:image\" content=\"https:\/\/ns-gold.com\/wp-content\/uploads\/2024\/09\/Memorable-design-58-2024-09-05T161330.294.png\" \/>\n\t<meta property=\"og:image:width\" content=\"1080\" \/>\n\t<meta property=\"og:image:height\" content=\"1080\" \/>\n\t<meta property=\"og:image:type\" content=\"image\/png\" \/>\n<meta name=\"twitter:card\" content=\"summary_large_image\" \/>\n<meta name=\"twitter:label1\" content=\"Tiempo de lectura\" \/>\n\t<meta name=\"twitter:data1\" content=\"1 minuto\" \/>\n<script type=\"application\/ld+json\" class=\"yoast-schema-graph\">{\"@context\":\"https:\\\/\\\/schema.org\",\"@graph\":[{\"@type\":\"WebPage\",\"@id\":\"https:\\\/\\\/ns-gold.com\\\/index.php\\\/product\\\/ciudad-de-san-francisco-su-historia-en-las-medallas-hugo-e-bottero-y-sergio-g-paiva-pag-356\\\/\",\"url\":\"https:\\\/\\\/ns-gold.com\\\/index.php\\\/product\\\/ciudad-de-san-francisco-su-historia-en-las-medallas-hugo-e-bottero-y-sergio-g-paiva-pag-356\\\/\",\"name\":\"Ciudad de San Francisco-Su historia en las Medallas. Hugo E. Bottero y Sergio G. Paiva. P\u00e1g.356 -\",\"isPartOf\":{\"@id\":\"https:\\\/\\\/ns-gold.com\\\/#website\"},\"primaryImageOfPage\":{\"@id\":\"https:\\\/\\\/ns-gold.com\\\/index.php\\\/product\\\/ciudad-de-san-francisco-su-historia-en-las-medallas-hugo-e-bottero-y-sergio-g-paiva-pag-356\\\/#primaryimage\"},\"image\":{\"@id\":\"https:\\\/\\\/ns-gold.com\\\/index.php\\\/product\\\/ciudad-de-san-francisco-su-historia-en-las-medallas-hugo-e-bottero-y-sergio-g-paiva-pag-356\\\/#primaryimage\"},\"thumbnailUrl\":\"https:\\\/\\\/ns-gold.com\\\/wp-content\\\/uploads\\\/2024\\\/09\\\/Memorable-design-58-2024-09-05T161330.294.png\",\"datePublished\":\"2024-09-08T22:15:57+00:00\",\"breadcrumb\":{\"@id\":\"https:\\\/\\\/ns-gold.com\\\/index.php\\\/product\\\/ciudad-de-san-francisco-su-historia-en-las-medallas-hugo-e-bottero-y-sergio-g-paiva-pag-356\\\/#breadcrumb\"},\"inLanguage\":\"es\",\"potentialAction\":[{\"@type\":\"ReadAction\",\"target\":[\"https:\\\/\\\/ns-gold.com\\\/index.php\\\/product\\\/ciudad-de-san-francisco-su-historia-en-las-medallas-hugo-e-bottero-y-sergio-g-paiva-pag-356\\\/\"]}]},{\"@type\":\"ImageObject\",\"inLanguage\":\"es\",\"@id\":\"https:\\\/\\\/ns-gold.com\\\/index.php\\\/product\\\/ciudad-de-san-francisco-su-historia-en-las-medallas-hugo-e-bottero-y-sergio-g-paiva-pag-356\\\/#primaryimage\",\"url\":\"https:\\\/\\\/ns-gold.com\\\/wp-content\\\/uploads\\\/2024\\\/09\\\/Memorable-design-58-2024-09-05T161330.294.png\",\"contentUrl\":\"https:\\\/\\\/ns-gold.com\\\/wp-content\\\/uploads\\\/2024\\\/09\\\/Memorable-design-58-2024-09-05T161330.294.png\",\"width\":1080,\"height\":1080},{\"@type\":\"BreadcrumbList\",\"@id\":\"https:\\\/\\\/ns-gold.com\\\/index.php\\\/product\\\/ciudad-de-san-francisco-su-historia-en-las-medallas-hugo-e-bottero-y-sergio-g-paiva-pag-356\\\/#breadcrumb\",\"itemListElement\":[{\"@type\":\"ListItem\",\"position\":1,\"name\":\"Portada\",\"item\":\"https:\\\/\\\/ns-gold.com\\\/\"},{\"@type\":\"ListItem\",\"position\":2,\"name\":\"Tienda\",\"item\":\"https:\\\/\\\/ns-gold.com\\\/index.php\\\/shop\\\/\"},{\"@type\":\"ListItem\",\"position\":3,\"name\":\"Ciudad de San Francisco-Su historia en las Medallas. Hugo E. Bottero y Sergio G. Paiva. P\u00e1g.356\"}]},{\"@type\":\"WebSite\",\"@id\":\"https:\\\/\\\/ns-gold.com\\\/#website\",\"url\":\"https:\\\/\\\/ns-gold.com\\\/\",\"name\":\"\",\"description\":\"\",\"potentialAction\":[{\"@type\":\"SearchAction\",\"target\":{\"@type\":\"EntryPoint\",\"urlTemplate\":\"https:\\\/\\\/ns-gold.com\\\/?s={search_term_string}\"},\"query-input\":{\"@type\":\"PropertyValueSpecification\",\"valueRequired\":true,\"valueName\":\"search_term_string\"}}],\"inLanguage\":\"es\"}]}<\/script>\n<!-- \/ Yoast SEO plugin. -->","yoast_head_json":{"title":"Ciudad de San Francisco-Su historia en las Medallas. Hugo E. Bottero y Sergio G. Paiva. P\u00e1g.356 -","robots":{"index":"index","follow":"follow","max-snippet":"max-snippet:-1","max-image-preview":"max-image-preview:large","max-video-preview":"max-video-preview:-1"},"canonical":"https:\/\/ns-gold.com\/index.php\/product\/ciudad-de-san-francisco-su-historia-en-las-medallas-hugo-e-bottero-y-sergio-g-paiva-pag-356\/","og_locale":"es_ES","og_type":"article","og_title":"Ciudad de San Francisco-Su historia en las Medallas. Hugo E. Bottero y Sergio G. Paiva. P\u00e1g.356 -","og_description":"Ciudad de San Francisco  Su historia en las Medallas  356 P\u00e1g. de alt\u00edsima calidad  Hugo E Bottero y Sergio G Paiva","og_url":"https:\/\/ns-gold.com\/index.php\/product\/ciudad-de-san-francisco-su-historia-en-las-medallas-hugo-e-bottero-y-sergio-g-paiva-pag-356\/","og_image":[{"width":1080,"height":1080,"url":"https:\/\/ns-gold.com\/wp-content\/uploads\/2024\/09\/Memorable-design-58-2024-09-05T161330.294.png","type":"image\/png"}],"twitter_card":"summary_large_image","twitter_misc":{"Tiempo de lectura":"1 minuto"},"schema":{"@context":"https:\/\/schema.org","@graph":[{"@type":"WebPage","@id":"https:\/\/ns-gold.com\/index.php\/product\/ciudad-de-san-francisco-su-historia-en-las-medallas-hugo-e-bottero-y-sergio-g-paiva-pag-356\/","url":"https:\/\/ns-gold.com\/index.php\/product\/ciudad-de-san-francisco-su-historia-en-las-medallas-hugo-e-bottero-y-sergio-g-paiva-pag-356\/","name":"Ciudad de San Francisco-Su historia en las Medallas. Hugo E. Bottero y Sergio G. Paiva. P\u00e1g.356 -","isPartOf":{"@id":"https:\/\/ns-gold.com\/#website"},"primaryImageOfPage":{"@id":"https:\/\/ns-gold.com\/index.php\/product\/ciudad-de-san-francisco-su-historia-en-las-medallas-hugo-e-bottero-y-sergio-g-paiva-pag-356\/#primaryimage"},"image":{"@id":"https:\/\/ns-gold.com\/index.php\/product\/ciudad-de-san-francisco-su-historia-en-las-medallas-hugo-e-bottero-y-sergio-g-paiva-pag-356\/#primaryimage"},"thumbnailUrl":"https:\/\/ns-gold.com\/wp-content\/uploads\/2024\/09\/Memorable-design-58-2024-09-05T161330.294.png","datePublished":"2024-09-08T22:15:57+00:00","breadcrumb":{"@id":"https:\/\/ns-gold.com\/index.php\/product\/ciudad-de-san-francisco-su-historia-en-las-medallas-hugo-e-bottero-y-sergio-g-paiva-pag-356\/#breadcrumb"},"inLanguage":"es","potentialAction":[{"@type":"ReadAction","target":["https:\/\/ns-gold.com\/index.php\/product\/ciudad-de-san-francisco-su-historia-en-las-medallas-hugo-e-bottero-y-sergio-g-paiva-pag-356\/"]}]},{"@type":"ImageObject","inLanguage":"es","@id":"https:\/\/ns-gold.com\/index.php\/product\/ciudad-de-san-francisco-su-historia-en-las-medallas-hugo-e-bottero-y-sergio-g-paiva-pag-356\/#primaryimage","url":"https:\/\/ns-gold.com\/wp-content\/uploads\/2024\/09\/Memorable-design-58-2024-09-05T161330.294.png","contentUrl":"https:\/\/ns-gold.com\/wp-content\/uploads\/2024\/09\/Memorable-design-58-2024-09-05T161330.294.png","width":1080,"height":1080},{"@type":"BreadcrumbList","@id":"https:\/\/ns-gold.com\/index.php\/product\/ciudad-de-san-francisco-su-historia-en-las-medallas-hugo-e-bottero-y-sergio-g-paiva-pag-356\/#breadcrumb","itemListElement":[{"@type":"ListItem","position":1,"name":"Portada","item":"https:\/\/ns-gold.com\/"},{"@type":"ListItem","position":2,"name":"Tienda","item":"https:\/\/ns-gold.com\/index.php\/shop\/"},{"@type":"ListItem","position":3,"name":"Ciudad de San Francisco-Su historia en las Medallas. Hugo E. Bottero y Sergio G. Paiva. P\u00e1g.356"}]},{"@type":"WebSite","@id":"https:\/\/ns-gold.com\/#website","url":"https:\/\/ns-gold.com\/","name":"","description":"","potentialAction":[{"@type":"SearchAction","target":{"@type":"EntryPoint","urlTemplate":"https:\/\/ns-gold.com\/?s={search_term_string}"},"query-input":{"@type":"PropertyValueSpecification","valueRequired":true,"valueName":"search_term_string"}}],"inLanguage":"es"}]}},"jetpack_sharing_enabled":true,"_links":{"self":[{"href":"https:\/\/ns-gold.com\/index.php\/wp-json\/wp\/v2\/product\/3169","targetHints":{"allow":["GET"]}}],"collection":[{"href":"https:\/\/ns-gold.com\/index.php\/wp-json\/wp\/v2\/product"}],"about":[{"href":"https:\/\/ns-gold.com\/index.php\/wp-json\/wp\/v2\/types\/product"}],"wp:featuredmedia":[{"embeddable":true,"href":"https:\/\/ns-gold.com\/index.php\/wp-json\/wp\/v2\/media\/3071"}],"wp:attachment":[{"href":"https:\/\/ns-gold.com\/index.php\/wp-json\/wp\/v2\/media?parent=3169"}],"wp:term":[{"taxonomy":"product_brand","embeddable":true,"href":"https:\/\/ns-gold.com\/index.php\/wp-json\/wp\/v2\/product_brand?post=3169"},{"taxonomy":"product_cat","embeddable":true,"href":"https:\/\/ns-gold.com\/index.php\/wp-json\/wp\/v2\/product_cat?post=3169"},{"taxonomy":"product_tag","embeddable":true,"href":"https:\/\/ns-gold.com\/index.php\/wp-json\/wp\/v2\/product_tag?post=3169"}],"curies":[{"name":"wp","href":"https:\/\/api.w.org\/{rel}","templated":true}]}}