{"id":369,"date":"2023-04-21T16:59:12","date_gmt":"2023-04-21T16:59:12","guid":{"rendered":"https:\/\/ns-gold.com\/?post_type=product&#038;p=369"},"modified":"2026-04-09T17:22:55","modified_gmt":"2026-04-09T17:22:55","slug":"suiza-20-francos","status":"publish","type":"product","link":"https:\/\/ns-gold.com\/index.php\/product\/suiza-20-francos\/","title":{"rendered":"SUIZA 20 FRANCOS 1935 (1947) LB"},"content":{"rendered":"<p>Se acu\u00f1aron monedas de oro Vreneli por un valor de 20 francos suizos entre los a\u00f1os 1897 y 1949, llegando a producirse un total de 58,6 millones de piezas para reemplazar un dise\u00f1o anterior del siglo XIX. Estas monedas conmemorativas de oro son muy apreciadas por su belleza y rareza, siendo fabricadas por la Casa de la Moneda Oficial de la Confederaci\u00f3n de Suiza en Berna. En su anverso se puede observar un retrato de Vreneli, mientras que en el reverso se representa la cruz del escudo de armas suizo.<\/p>\n<p>Adem\u00e1s de su valor numism\u00e1tico, las monedas Vreneli tambi\u00e9n tienen un gran valor hist\u00f3rico y cultural. Fueron acu\u00f1adas durante un per\u00edodo de importantes cambios pol\u00edticos y econ\u00f3micos en Suiza, incluyendo la adopci\u00f3n del franco suizo como moneda nacional y la introducci\u00f3n de la Ley de Moneda Federal.<\/p>\n<p>Adem\u00e1s, el nombre \u00abVreneli\u00bb se refiere a una figura femenina popular en la cultura suiza del siglo XIX y principios del XX, que se caracterizaba por su belleza y su traje tradicional. El retrato de Vreneli en las monedas es un homenaje a esta figura cultural y se convirti\u00f3 en un s\u00edmbolo nacional para muchos suizos.<\/p>\n","protected":false},"excerpt":{"rendered":"<p>1935 LB ORO 0,900 RESTRIKE (1945-1947) 6.45 GR<\/p>\n","protected":false},"featured_media":370,"template":"","meta":{"site-sidebar-layout":"default","site-content-layout":"default","ast-site-content-layout":"default","site-content-style":"default","site-sidebar-style":"default","ast-global-header-display":"","ast-banner-title-visibility":"","ast-main-header-display":"","ast-hfb-above-header-display":"","ast-hfb-below-header-display":"","ast-hfb-mobile-header-display":"","site-post-title":"","ast-breadcrumbs-content":"","ast-featured-img":"","footer-sml-layout":"","ast-disable-related-posts":"","theme-transparent-header-meta":"default","adv-header-id-meta":"","stick-header-meta":"","header-above-stick-meta":"","header-main-stick-meta":"","header-below-stick-meta":"","astra-migrate-meta-layouts":"set","ast-page-background-enabled":"default","ast-page-background-meta":{"desktop":{"background-color":"var(--ast-global-color-4)","background-image":"","background-repeat":"repeat","background-position":"center center","background-size":"auto","background-attachment":"scroll","background-type":"","background-media":"","overlay-type":"","overlay-color":"","overlay-opacity":"","overlay-gradient":""},"tablet":{"background-color":"","background-image":"","background-repeat":"repeat","background-position":"center center","background-size":"auto","background-attachment":"scroll","background-type":"","background-media":"","overlay-type":"","overlay-color":"","overlay-opacity":"","overlay-gradient":""},"mobile":{"background-color":"","background-image":"","background-repeat":"repeat","background-position":"center center","background-size":"auto","background-attachment":"scroll","background-type":"","background-media":"","overlay-type":"","overlay-color":"","overlay-opacity":"","overlay-gradient":""}},"ast-content-background-meta":{"desktop":{"background-color":"var(--ast-global-color-5)","background-image":"","background-repeat":"repeat","background-position":"center center","background-size":"auto","background-attachment":"scroll","background-type":"","background-media":"","overlay-type":"","overlay-color":"","overlay-opacity":"","overlay-gradient":""},"tablet":{"background-color":"var(--ast-global-color-5)","background-image":"","background-repeat":"repeat","background-position":"center center","background-size":"auto","background-attachment":"scroll","background-type":"","background-media":"","overlay-type":"","overlay-color":"","overlay-opacity":"","overlay-gradient":""},"mobile":{"background-color":"var(--ast-global-color-5)","background-image":"","background-repeat":"repeat","background-position":"center center","background-size":"auto","background-attachment":"scroll","background-type":"","background-media":"","overlay-type":"","overlay-color":"","overlay-opacity":"","overlay-gradient":""}}},"product_brand":[],"product_cat":[36,23,42,21],"product_tag":[50,49,47,48],"class_list":{"0":"post-369","1":"product","2":"type-product","3":"status-publish","4":"has-post-thumbnail","6":"product_cat-bullion","7":"product_cat-bullion-gold","8":"product_cat-del-mundo","9":"product_cat-monedas","10":"product_tag-bullion","11":"product_tag-europa","12":"product_tag-oro","13":"product_tag-suiza","14":"desktop-align-center","15":"tablet-align-left","16":"mobile-align-left","18":"first","19":"instock","20":"shipping-taxable","21":"purchasable","22":"product-type-simple"},"yoast_head":"<!-- This site is optimized with the Yoast SEO plugin v27.5 - https:\/\/yoast.com\/product\/yoast-seo-wordpress\/ -->\n<title>SUIZA 20 FRANCOS 1935 (1947) LB -<\/title>\n<meta name=\"description\" content=\"KM#35 ORO 0,900 RESTRIKE (1945-1947) 6.45 GR\" \/>\n<meta name=\"robots\" content=\"index, follow, max-snippet:-1, max-image-preview:large, max-video-preview:-1\" \/>\n<link rel=\"canonical\" href=\"https:\/\/ns-gold.com\/index.php\/product\/suiza-20-francos\/\" \/>\n<meta property=\"og:locale\" content=\"es_ES\" \/>\n<meta property=\"og:type\" content=\"article\" \/>\n<meta property=\"og:title\" content=\"SUIZA 20 FRANCOS 1935 (1947) LB -\" \/>\n<meta property=\"og:description\" content=\"KM#35 ORO 0,900 RESTRIKE (1945-1947) 6.45 GR\" \/>\n<meta property=\"og:url\" content=\"https:\/\/ns-gold.com\/index.php\/product\/suiza-20-francos\/\" \/>\n<meta property=\"article:modified_time\" content=\"2026-04-09T17:22:55+00:00\" \/>\n<meta property=\"og:image\" content=\"https:\/\/ns-gold.com\/wp-content\/uploads\/2023\/04\/D-13-04-23-031.jpg\" \/>\n\t<meta property=\"og:image:width\" content=\"1080\" \/>\n\t<meta property=\"og:image:height\" content=\"1080\" \/>\n\t<meta property=\"og:image:type\" content=\"image\/jpeg\" \/>\n<meta name=\"twitter:card\" content=\"summary_large_image\" \/>\n<meta name=\"twitter:label1\" content=\"Tiempo de lectura\" \/>\n\t<meta name=\"twitter:data1\" content=\"2 minutos\" \/>\n<script type=\"application\/ld+json\" class=\"yoast-schema-graph\">{\"@context\":\"https:\\\/\\\/schema.org\",\"@graph\":[{\"@type\":\"WebPage\",\"@id\":\"https:\\\/\\\/ns-gold.com\\\/index.php\\\/product\\\/suiza-20-francos\\\/\",\"url\":\"https:\\\/\\\/ns-gold.com\\\/index.php\\\/product\\\/suiza-20-francos\\\/\",\"name\":\"SUIZA 20 FRANCOS 1935 (1947) LB -\",\"isPartOf\":{\"@id\":\"https:\\\/\\\/ns-gold.com\\\/#website\"},\"primaryImageOfPage\":{\"@id\":\"https:\\\/\\\/ns-gold.com\\\/index.php\\\/product\\\/suiza-20-francos\\\/#primaryimage\"},\"image\":{\"@id\":\"https:\\\/\\\/ns-gold.com\\\/index.php\\\/product\\\/suiza-20-francos\\\/#primaryimage\"},\"thumbnailUrl\":\"https:\\\/\\\/ns-gold.com\\\/wp-content\\\/uploads\\\/2023\\\/04\\\/D-13-04-23-031.jpg\",\"datePublished\":\"2023-04-21T16:59:12+00:00\",\"dateModified\":\"2026-04-09T17:22:55+00:00\",\"description\":\"KM#35 ORO 0,900 RESTRIKE (1945-1947) 6.45 GR\",\"breadcrumb\":{\"@id\":\"https:\\\/\\\/ns-gold.com\\\/index.php\\\/product\\\/suiza-20-francos\\\/#breadcrumb\"},\"inLanguage\":\"es\",\"potentialAction\":[{\"@type\":\"ReadAction\",\"target\":[\"https:\\\/\\\/ns-gold.com\\\/index.php\\\/product\\\/suiza-20-francos\\\/\"]}]},{\"@type\":\"ImageObject\",\"inLanguage\":\"es\",\"@id\":\"https:\\\/\\\/ns-gold.com\\\/index.php\\\/product\\\/suiza-20-francos\\\/#primaryimage\",\"url\":\"https:\\\/\\\/ns-gold.com\\\/wp-content\\\/uploads\\\/2023\\\/04\\\/D-13-04-23-031.jpg\",\"contentUrl\":\"https:\\\/\\\/ns-gold.com\\\/wp-content\\\/uploads\\\/2023\\\/04\\\/D-13-04-23-031.jpg\",\"width\":1080,\"height\":1080},{\"@type\":\"BreadcrumbList\",\"@id\":\"https:\\\/\\\/ns-gold.com\\\/index.php\\\/product\\\/suiza-20-francos\\\/#breadcrumb\",\"itemListElement\":[{\"@type\":\"ListItem\",\"position\":1,\"name\":\"Portada\",\"item\":\"https:\\\/\\\/ns-gold.com\\\/\"},{\"@type\":\"ListItem\",\"position\":2,\"name\":\"Tienda\",\"item\":\"https:\\\/\\\/ns-gold.com\\\/index.php\\\/shop\\\/\"},{\"@type\":\"ListItem\",\"position\":3,\"name\":\"SUIZA 20 FRANCOS 1935 (1947) LB\"}]},{\"@type\":\"WebSite\",\"@id\":\"https:\\\/\\\/ns-gold.com\\\/#website\",\"url\":\"https:\\\/\\\/ns-gold.com\\\/\",\"name\":\"\",\"description\":\"\",\"potentialAction\":[{\"@type\":\"SearchAction\",\"target\":{\"@type\":\"EntryPoint\",\"urlTemplate\":\"https:\\\/\\\/ns-gold.com\\\/?s={search_term_string}\"},\"query-input\":{\"@type\":\"PropertyValueSpecification\",\"valueRequired\":true,\"valueName\":\"search_term_string\"}}],\"inLanguage\":\"es\"}]}<\/script>\n<!-- \/ Yoast SEO plugin. -->","yoast_head_json":{"title":"SUIZA 20 FRANCOS 1935 (1947) LB -","description":"KM#35 ORO 0,900 RESTRIKE (1945-1947) 6.45 GR","robots":{"index":"index","follow":"follow","max-snippet":"max-snippet:-1","max-image-preview":"max-image-preview:large","max-video-preview":"max-video-preview:-1"},"canonical":"https:\/\/ns-gold.com\/index.php\/product\/suiza-20-francos\/","og_locale":"es_ES","og_type":"article","og_title":"SUIZA 20 FRANCOS 1935 (1947) LB -","og_description":"KM#35 ORO 0,900 RESTRIKE (1945-1947) 6.45 GR","og_url":"https:\/\/ns-gold.com\/index.php\/product\/suiza-20-francos\/","article_modified_time":"2026-04-09T17:22:55+00:00","og_image":[{"width":1080,"height":1080,"url":"https:\/\/ns-gold.com\/wp-content\/uploads\/2023\/04\/D-13-04-23-031.jpg","type":"image\/jpeg"}],"twitter_card":"summary_large_image","twitter_misc":{"Tiempo de lectura":"2 minutos"},"schema":{"@context":"https:\/\/schema.org","@graph":[{"@type":"WebPage","@id":"https:\/\/ns-gold.com\/index.php\/product\/suiza-20-francos\/","url":"https:\/\/ns-gold.com\/index.php\/product\/suiza-20-francos\/","name":"SUIZA 20 FRANCOS 1935 (1947) LB -","isPartOf":{"@id":"https:\/\/ns-gold.com\/#website"},"primaryImageOfPage":{"@id":"https:\/\/ns-gold.com\/index.php\/product\/suiza-20-francos\/#primaryimage"},"image":{"@id":"https:\/\/ns-gold.com\/index.php\/product\/suiza-20-francos\/#primaryimage"},"thumbnailUrl":"https:\/\/ns-gold.com\/wp-content\/uploads\/2023\/04\/D-13-04-23-031.jpg","datePublished":"2023-04-21T16:59:12+00:00","dateModified":"2026-04-09T17:22:55+00:00","description":"KM#35 ORO 0,900 RESTRIKE (1945-1947) 6.45 GR","breadcrumb":{"@id":"https:\/\/ns-gold.com\/index.php\/product\/suiza-20-francos\/#breadcrumb"},"inLanguage":"es","potentialAction":[{"@type":"ReadAction","target":["https:\/\/ns-gold.com\/index.php\/product\/suiza-20-francos\/"]}]},{"@type":"ImageObject","inLanguage":"es","@id":"https:\/\/ns-gold.com\/index.php\/product\/suiza-20-francos\/#primaryimage","url":"https:\/\/ns-gold.com\/wp-content\/uploads\/2023\/04\/D-13-04-23-031.jpg","contentUrl":"https:\/\/ns-gold.com\/wp-content\/uploads\/2023\/04\/D-13-04-23-031.jpg","width":1080,"height":1080},{"@type":"BreadcrumbList","@id":"https:\/\/ns-gold.com\/index.php\/product\/suiza-20-francos\/#breadcrumb","itemListElement":[{"@type":"ListItem","position":1,"name":"Portada","item":"https:\/\/ns-gold.com\/"},{"@type":"ListItem","position":2,"name":"Tienda","item":"https:\/\/ns-gold.com\/index.php\/shop\/"},{"@type":"ListItem","position":3,"name":"SUIZA 20 FRANCOS 1935 (1947) LB"}]},{"@type":"WebSite","@id":"https:\/\/ns-gold.com\/#website","url":"https:\/\/ns-gold.com\/","name":"","description":"","potentialAction":[{"@type":"SearchAction","target":{"@type":"EntryPoint","urlTemplate":"https:\/\/ns-gold.com\/?s={search_term_string}"},"query-input":{"@type":"PropertyValueSpecification","valueRequired":true,"valueName":"search_term_string"}}],"inLanguage":"es"}]}},"jetpack_sharing_enabled":true,"_links":{"self":[{"href":"https:\/\/ns-gold.com\/index.php\/wp-json\/wp\/v2\/product\/369","targetHints":{"allow":["GET"]}}],"collection":[{"href":"https:\/\/ns-gold.com\/index.php\/wp-json\/wp\/v2\/product"}],"about":[{"href":"https:\/\/ns-gold.com\/index.php\/wp-json\/wp\/v2\/types\/product"}],"wp:featuredmedia":[{"embeddable":true,"href":"https:\/\/ns-gold.com\/index.php\/wp-json\/wp\/v2\/media\/370"}],"wp:attachment":[{"href":"https:\/\/ns-gold.com\/index.php\/wp-json\/wp\/v2\/media?parent=369"}],"wp:term":[{"taxonomy":"product_brand","embeddable":true,"href":"https:\/\/ns-gold.com\/index.php\/wp-json\/wp\/v2\/product_brand?post=369"},{"taxonomy":"product_cat","embeddable":true,"href":"https:\/\/ns-gold.com\/index.php\/wp-json\/wp\/v2\/product_cat?post=369"},{"taxonomy":"product_tag","embeddable":true,"href":"https:\/\/ns-gold.com\/index.php\/wp-json\/wp\/v2\/product_tag?post=369"}],"curies":[{"name":"wp","href":"https:\/\/api.w.org\/{rel}","templated":true}]}}