{"id":4282,"date":"2024-11-19T23:42:33","date_gmt":"2024-11-19T23:42:33","guid":{"rendered":"https:\/\/ns-gold.com\/?post_type=product&#038;p=4282"},"modified":"2024-11-19T23:42:33","modified_gmt":"2024-11-19T23:42:33","slug":"cordoba-100-pesos-1995-ec271c-vf","status":"publish","type":"product","link":"https:\/\/ns-gold.com\/index.php\/product\/cordoba-100-pesos-1995-ec271c-vf\/","title":{"rendered":"C\u00f3rdoba 100 Pesos 1995 EC#271c VF"},"content":{"rendered":"","protected":false},"excerpt":{"rendered":"<p>C\u00f3rdoba<\/p>\n<p>A\u00f1o: 1995<\/p>\n<p>Valor: 100 Pesos<\/p>\n<p>EC#271c<\/p>\n<p>VF<\/p>\n","protected":false},"featured_media":4137,"template":"","meta":{"site-sidebar-layout":"default","site-content-layout":"default","ast-site-content-layout":"","site-content-style":"default","site-sidebar-style":"default","ast-global-header-display":"","ast-banner-title-visibility":"","ast-main-header-display":"","ast-hfb-above-header-display":"","ast-hfb-below-header-display":"","ast-hfb-mobile-header-display":"","site-post-title":"","ast-breadcrumbs-content":"","ast-featured-img":"","footer-sml-layout":"","theme-transparent-header-meta":"default","adv-header-id-meta":"","stick-header-meta":"","header-above-stick-meta":"","header-main-stick-meta":"","header-below-stick-meta":"","astra-migrate-meta-layouts":"default","ast-page-background-enabled":"default","ast-page-background-meta":{"desktop":{"background-color":"var(--ast-global-color-4)","background-image":"","background-repeat":"repeat","background-position":"center center","background-size":"auto","background-attachment":"scroll","background-type":"","background-media":"","overlay-type":"","overlay-color":"","overlay-opacity":"","overlay-gradient":""},"tablet":{"background-color":"","background-image":"","background-repeat":"repeat","background-position":"center center","background-size":"auto","background-attachment":"scroll","background-type":"","background-media":"","overlay-type":"","overlay-color":"","overlay-opacity":"","overlay-gradient":""},"mobile":{"background-color":"","background-image":"","background-repeat":"repeat","background-position":"center center","background-size":"auto","background-attachment":"scroll","background-type":"","background-media":"","overlay-type":"","overlay-color":"","overlay-opacity":"","overlay-gradient":""}},"ast-content-background-meta":{"desktop":{"background-color":"var(--ast-global-color-5)","background-image":"","background-repeat":"repeat","background-position":"center center","background-size":"auto","background-attachment":"scroll","background-type":"","background-media":"","overlay-type":"","overlay-color":"","overlay-opacity":"","overlay-gradient":""},"tablet":{"background-color":"var(--ast-global-color-5)","background-image":"","background-repeat":"repeat","background-position":"center center","background-size":"auto","background-attachment":"scroll","background-type":"","background-media":"","overlay-type":"","overlay-color":"","overlay-opacity":"","overlay-gradient":""},"mobile":{"background-color":"var(--ast-global-color-5)","background-image":"","background-repeat":"repeat","background-position":"center center","background-size":"auto","background-attachment":"scroll","background-type":"","background-media":"","overlay-type":"","overlay-color":"","overlay-opacity":"","overlay-gradient":""}}},"product_brand":[],"product_cat":[233],"product_tag":[274],"class_list":{"0":"post-4282","1":"product","2":"type-product","3":"status-publish","4":"has-post-thumbnail","6":"product_cat-bonos","7":"product_tag-cordoba","8":"desktop-align-center","9":"tablet-align-left","10":"mobile-align-left","12":"first","13":"instock","14":"shipping-taxable","15":"purchasable","16":"product-type-simple"},"yoast_head":"<!-- This site is optimized with the Yoast SEO plugin v27.4 - https:\/\/yoast.com\/product\/yoast-seo-wordpress\/ -->\n<title>C\u00f3rdoba 100 Pesos 1995 EC#271c VF -<\/title>\n<meta name=\"robots\" content=\"index, follow, max-snippet:-1, max-image-preview:large, max-video-preview:-1\" \/>\n<link rel=\"canonical\" href=\"https:\/\/ns-gold.com\/index.php\/product\/cordoba-100-pesos-1995-ec271c-vf\/\" \/>\n<meta property=\"og:locale\" content=\"es_ES\" \/>\n<meta property=\"og:type\" content=\"article\" \/>\n<meta property=\"og:title\" content=\"C\u00f3rdoba 100 Pesos 1995 EC#271c VF -\" \/>\n<meta property=\"og:description\" content=\"C\u00f3rdoba  A\u00f1o: 1995  Valor: 100 Pesos  EC#271c  VF\" \/>\n<meta property=\"og:url\" content=\"https:\/\/ns-gold.com\/index.php\/product\/cordoba-100-pesos-1995-ec271c-vf\/\" \/>\n<meta property=\"og:image\" content=\"https:\/\/ns-gold.com\/wp-content\/uploads\/2024\/11\/Designer-2024-11-15T161101.218.png\" \/>\n\t<meta property=\"og:image:width\" content=\"1080\" \/>\n\t<meta property=\"og:image:height\" content=\"1080\" \/>\n\t<meta property=\"og:image:type\" content=\"image\/png\" \/>\n<meta name=\"twitter:card\" content=\"summary_large_image\" \/>\n<meta name=\"twitter:label1\" content=\"Tiempo de lectura\" \/>\n\t<meta name=\"twitter:data1\" content=\"1 minuto\" \/>\n<script type=\"application\/ld+json\" class=\"yoast-schema-graph\">{\"@context\":\"https:\\\/\\\/schema.org\",\"@graph\":[{\"@type\":\"WebPage\",\"@id\":\"https:\\\/\\\/ns-gold.com\\\/index.php\\\/product\\\/cordoba-100-pesos-1995-ec271c-vf\\\/\",\"url\":\"https:\\\/\\\/ns-gold.com\\\/index.php\\\/product\\\/cordoba-100-pesos-1995-ec271c-vf\\\/\",\"name\":\"C\u00f3rdoba 100 Pesos 1995 EC#271c VF -\",\"isPartOf\":{\"@id\":\"https:\\\/\\\/ns-gold.com\\\/#website\"},\"primaryImageOfPage\":{\"@id\":\"https:\\\/\\\/ns-gold.com\\\/index.php\\\/product\\\/cordoba-100-pesos-1995-ec271c-vf\\\/#primaryimage\"},\"image\":{\"@id\":\"https:\\\/\\\/ns-gold.com\\\/index.php\\\/product\\\/cordoba-100-pesos-1995-ec271c-vf\\\/#primaryimage\"},\"thumbnailUrl\":\"https:\\\/\\\/ns-gold.com\\\/wp-content\\\/uploads\\\/2024\\\/11\\\/Designer-2024-11-15T161101.218.png\",\"datePublished\":\"2024-11-19T23:42:33+00:00\",\"breadcrumb\":{\"@id\":\"https:\\\/\\\/ns-gold.com\\\/index.php\\\/product\\\/cordoba-100-pesos-1995-ec271c-vf\\\/#breadcrumb\"},\"inLanguage\":\"es\",\"potentialAction\":[{\"@type\":\"ReadAction\",\"target\":[\"https:\\\/\\\/ns-gold.com\\\/index.php\\\/product\\\/cordoba-100-pesos-1995-ec271c-vf\\\/\"]}]},{\"@type\":\"ImageObject\",\"inLanguage\":\"es\",\"@id\":\"https:\\\/\\\/ns-gold.com\\\/index.php\\\/product\\\/cordoba-100-pesos-1995-ec271c-vf\\\/#primaryimage\",\"url\":\"https:\\\/\\\/ns-gold.com\\\/wp-content\\\/uploads\\\/2024\\\/11\\\/Designer-2024-11-15T161101.218.png\",\"contentUrl\":\"https:\\\/\\\/ns-gold.com\\\/wp-content\\\/uploads\\\/2024\\\/11\\\/Designer-2024-11-15T161101.218.png\",\"width\":1080,\"height\":1080},{\"@type\":\"BreadcrumbList\",\"@id\":\"https:\\\/\\\/ns-gold.com\\\/index.php\\\/product\\\/cordoba-100-pesos-1995-ec271c-vf\\\/#breadcrumb\",\"itemListElement\":[{\"@type\":\"ListItem\",\"position\":1,\"name\":\"Portada\",\"item\":\"https:\\\/\\\/ns-gold.com\\\/\"},{\"@type\":\"ListItem\",\"position\":2,\"name\":\"Tienda\",\"item\":\"https:\\\/\\\/ns-gold.com\\\/index.php\\\/shop\\\/\"},{\"@type\":\"ListItem\",\"position\":3,\"name\":\"C\u00f3rdoba 100 Pesos 1995 EC#271c VF\"}]},{\"@type\":\"WebSite\",\"@id\":\"https:\\\/\\\/ns-gold.com\\\/#website\",\"url\":\"https:\\\/\\\/ns-gold.com\\\/\",\"name\":\"\",\"description\":\"\",\"potentialAction\":[{\"@type\":\"SearchAction\",\"target\":{\"@type\":\"EntryPoint\",\"urlTemplate\":\"https:\\\/\\\/ns-gold.com\\\/?s={search_term_string}\"},\"query-input\":{\"@type\":\"PropertyValueSpecification\",\"valueRequired\":true,\"valueName\":\"search_term_string\"}}],\"inLanguage\":\"es\"}]}<\/script>\n<!-- \/ Yoast SEO plugin. -->","yoast_head_json":{"title":"C\u00f3rdoba 100 Pesos 1995 EC#271c VF -","robots":{"index":"index","follow":"follow","max-snippet":"max-snippet:-1","max-image-preview":"max-image-preview:large","max-video-preview":"max-video-preview:-1"},"canonical":"https:\/\/ns-gold.com\/index.php\/product\/cordoba-100-pesos-1995-ec271c-vf\/","og_locale":"es_ES","og_type":"article","og_title":"C\u00f3rdoba 100 Pesos 1995 EC#271c VF -","og_description":"C\u00f3rdoba  A\u00f1o: 1995  Valor: 100 Pesos  EC#271c  VF","og_url":"https:\/\/ns-gold.com\/index.php\/product\/cordoba-100-pesos-1995-ec271c-vf\/","og_image":[{"width":1080,"height":1080,"url":"https:\/\/ns-gold.com\/wp-content\/uploads\/2024\/11\/Designer-2024-11-15T161101.218.png","type":"image\/png"}],"twitter_card":"summary_large_image","twitter_misc":{"Tiempo de lectura":"1 minuto"},"schema":{"@context":"https:\/\/schema.org","@graph":[{"@type":"WebPage","@id":"https:\/\/ns-gold.com\/index.php\/product\/cordoba-100-pesos-1995-ec271c-vf\/","url":"https:\/\/ns-gold.com\/index.php\/product\/cordoba-100-pesos-1995-ec271c-vf\/","name":"C\u00f3rdoba 100 Pesos 1995 EC#271c VF -","isPartOf":{"@id":"https:\/\/ns-gold.com\/#website"},"primaryImageOfPage":{"@id":"https:\/\/ns-gold.com\/index.php\/product\/cordoba-100-pesos-1995-ec271c-vf\/#primaryimage"},"image":{"@id":"https:\/\/ns-gold.com\/index.php\/product\/cordoba-100-pesos-1995-ec271c-vf\/#primaryimage"},"thumbnailUrl":"https:\/\/ns-gold.com\/wp-content\/uploads\/2024\/11\/Designer-2024-11-15T161101.218.png","datePublished":"2024-11-19T23:42:33+00:00","breadcrumb":{"@id":"https:\/\/ns-gold.com\/index.php\/product\/cordoba-100-pesos-1995-ec271c-vf\/#breadcrumb"},"inLanguage":"es","potentialAction":[{"@type":"ReadAction","target":["https:\/\/ns-gold.com\/index.php\/product\/cordoba-100-pesos-1995-ec271c-vf\/"]}]},{"@type":"ImageObject","inLanguage":"es","@id":"https:\/\/ns-gold.com\/index.php\/product\/cordoba-100-pesos-1995-ec271c-vf\/#primaryimage","url":"https:\/\/ns-gold.com\/wp-content\/uploads\/2024\/11\/Designer-2024-11-15T161101.218.png","contentUrl":"https:\/\/ns-gold.com\/wp-content\/uploads\/2024\/11\/Designer-2024-11-15T161101.218.png","width":1080,"height":1080},{"@type":"BreadcrumbList","@id":"https:\/\/ns-gold.com\/index.php\/product\/cordoba-100-pesos-1995-ec271c-vf\/#breadcrumb","itemListElement":[{"@type":"ListItem","position":1,"name":"Portada","item":"https:\/\/ns-gold.com\/"},{"@type":"ListItem","position":2,"name":"Tienda","item":"https:\/\/ns-gold.com\/index.php\/shop\/"},{"@type":"ListItem","position":3,"name":"C\u00f3rdoba 100 Pesos 1995 EC#271c VF"}]},{"@type":"WebSite","@id":"https:\/\/ns-gold.com\/#website","url":"https:\/\/ns-gold.com\/","name":"","description":"","potentialAction":[{"@type":"SearchAction","target":{"@type":"EntryPoint","urlTemplate":"https:\/\/ns-gold.com\/?s={search_term_string}"},"query-input":{"@type":"PropertyValueSpecification","valueRequired":true,"valueName":"search_term_string"}}],"inLanguage":"es"}]}},"jetpack_sharing_enabled":true,"_links":{"self":[{"href":"https:\/\/ns-gold.com\/index.php\/wp-json\/wp\/v2\/product\/4282","targetHints":{"allow":["GET"]}}],"collection":[{"href":"https:\/\/ns-gold.com\/index.php\/wp-json\/wp\/v2\/product"}],"about":[{"href":"https:\/\/ns-gold.com\/index.php\/wp-json\/wp\/v2\/types\/product"}],"wp:featuredmedia":[{"embeddable":true,"href":"https:\/\/ns-gold.com\/index.php\/wp-json\/wp\/v2\/media\/4137"}],"wp:attachment":[{"href":"https:\/\/ns-gold.com\/index.php\/wp-json\/wp\/v2\/media?parent=4282"}],"wp:term":[{"taxonomy":"product_brand","embeddable":true,"href":"https:\/\/ns-gold.com\/index.php\/wp-json\/wp\/v2\/product_brand?post=4282"},{"taxonomy":"product_cat","embeddable":true,"href":"https:\/\/ns-gold.com\/index.php\/wp-json\/wp\/v2\/product_cat?post=4282"},{"taxonomy":"product_tag","embeddable":true,"href":"https:\/\/ns-gold.com\/index.php\/wp-json\/wp\/v2\/product_tag?post=4282"}],"curies":[{"name":"wp","href":"https:\/\/api.w.org\/{rel}","templated":true}]}}